{"id":20,"date":"2019-05-20T12:01:20","date_gmt":"2019-05-20T12:01:20","guid":{"rendered":"https:\/\/www.yaps.fi\/?page_id=20"},"modified":"2019-06-19T20:54:15","modified_gmt":"2019-06-19T18:54:15","slug":"ota-yhteytta","status":"publish","type":"page","link":"https:\/\/www.yaps.fi\/en\/ota-yhteytta\/","title":{"rendered":"Contact Us"},"content":{"rendered":"<p>Saat yhteyden tiimiimme osoitteessa<\/p>\n<p><a href=\"mailto:neuvonta@yaps.fi\">neuvonta@yaps.fi<\/a><\/p>\n<p>Toimintamme on ennen kaikkea suunnattu nuorille aikuisille (n.17-40-vuotiaat), mutta toiminnassamme voi olla mukana monella tavalla, vaikka et kokisi itse\u00e4si varsinaisesti nuoreksi aikuiseksi. Tarvitsemme monenlaisia tekij\u00f6it\u00e4 j\u00e4rjest\u00e4ess\u00e4mme tapahtumia ja tuottaessamme infomateriaalia. Tarvitsemme my\u00f6s tukijoita t\u00e4lle toiminnallemme ja pit\u00e4\u00e4ksemme matkat Israeliin kohtuuhintaisina opiskelijoille.<\/p>\n<p>Jos haluat pysy\u00e4 ajan tasalla toiminnastamme, voit liitty\u00e4 uutiskirjeemme tilaajaksi l\u00e4hett\u00e4m\u00e4ll\u00e4 viestin \u201dTilaan uutiskirjeen\u201d osoitteeseen<\/p>\n<p><a href=\"mailto:neuvonta@yaps.fi\">neuvonta@yaps.fi<\/a><\/p>\n<p><!--\n\n\n<h1>Tue<\/h1>\n\n\nYAPS-projekti toimii European Coalition for Israelin (ECI) alaisuudessa, siksi tuki kulkee ECI:n tilin kautta.\n\nEuropean Coalition for Israel asbl on belgialainen, voittoa tavoittelematon j\u00e4rjest\u00f6. Rekisterinumero: 865.685.606. <span class=\"Apple-converted-space\">\n<\/span><a class=\"\" href=\"http:\/\/www.ec4i.org\/\">www.ec4i.org<\/a>\n\nSaaja: European Coalition for Israel, Brussels, Belgium\nIBAN: BE97 0015 1265 2049\nSWIFT\/BIC: GEBABEBB\nPankki: BNP Paribas Fortis, Brussels, Belgium\nMerkitse viestiksi: YAPS\n\nMaksaminen ja sen kustannukset ovat euro-alueella samat kuin suomalaiselle tilille.\n--><\/p>","protected":false},"excerpt":{"rendered":"<p>Saat yhteyden tiimiimme osoitteessa neuvonta@yaps.fi Toimintamme on ennen kaikkea suunnattu nuorille aikuisille (n.17-40-vuotiaat), mutta toiminnassamme voi olla mukana monella tavalla, vaikka et kokisi itse\u00e4si varsinaisesti nuoreksi aikuiseksi. Tarvitsemme monenlaisia tekij\u00f6it\u00e4 j\u00e4rjest\u00e4ess\u00e4mme tapahtumia ja tuottaessamme infomateriaalia. Tarvitsemme my\u00f6s tukijoita t\u00e4lle toiminnallemme ja pit\u00e4\u00e4ksemme matkat Israeliin kohtuuhintaisina opiskelijoille. Jos haluat pysy\u00e4 ajan tasalla toiminnastamme, voit liitty\u00e4 uutiskirjeemme tilaajaksi l\u00e4hett\u00e4m\u00e4ll\u00e4 viestin \u201dTilaan uutiskirjeen\u201d&#8230;<\/p>","protected":false},"author":1,"featured_media":0,"parent":0,"menu_order":0,"comment_status":"closed","ping_status":"closed","template":"","meta":{"footnotes":""},"class_list":["post-20","page","type-page","status-publish","hentry"],"_links":{"self":[{"href":"https:\/\/www.yaps.fi\/en\/wp-json\/wp\/v2\/pages\/20","targetHints":{"allow":["GET"]}}],"collection":[{"href":"https:\/\/www.yaps.fi\/en\/wp-json\/wp\/v2\/pages"}],"about":[{"href":"https:\/\/www.yaps.fi\/en\/wp-json\/wp\/v2\/types\/page"}],"author":[{"embeddable":true,"href":"https:\/\/www.yaps.fi\/en\/wp-json\/wp\/v2\/users\/1"}],"replies":[{"embeddable":true,"href":"https:\/\/www.yaps.fi\/en\/wp-json\/wp\/v2\/comments?post=20"}],"version-history":[{"count":12,"href":"https:\/\/www.yaps.fi\/en\/wp-json\/wp\/v2\/pages\/20\/revisions"}],"predecessor-version":[{"id":205,"href":"https:\/\/www.yaps.fi\/en\/wp-json\/wp\/v2\/pages\/20\/revisions\/205"}],"wp:attachment":[{"href":"https:\/\/www.yaps.fi\/en\/wp-json\/wp\/v2\/media?parent=20"}],"curies":[{"name":"wp","href":"https:\/\/api.w.org\/{rel}","templated":true}]}}