{"id":729,"date":"2021-07-24T01:04:23","date_gmt":"2021-07-23T23:04:23","guid":{"rendered":"https:\/\/www.yaps.fi\/?page_id=729"},"modified":"2021-07-24T01:04:23","modified_gmt":"2021-07-23T23:04:23","slug":"729-2","status":"publish","type":"page","link":"https:\/\/www.yaps.fi\/en\/729-2\/","title":{"rendered":""},"content":{"rendered":"<p>The purpose of YAPS is to promote peace, justice and solidarity. We want to contribute to an\ninformed and constructive discourse on human rights situations in the Middle East and to\ncreate connections between young adults and experts in the field.<\/p>\n\n\n\n<p>The basis of our activities is the participants\u2019 willingness and readiness to both study the\ntopics in depth and to critically evaluate information obtained from various sources. When\ntalking about human rights problems in the Middle East, issues in Israel are mentioned very\noften while some religious and ethnic groups suffering from poor human rights situations\nreceive attention rarely. This kind of trend in discussion creates an unbalanced picture of the\noverall situations.<\/p>\n\n\n\n<p>Respecting the people of the region, we want to contribute to the general discussion on\nhuman rights by increasing awareness of the complex and challenging situations that several\ngroups of people in the Middle East face.<\/p>","protected":false},"excerpt":{"rendered":"<p>Olemme kiinnostuneita ihmisoikeuksien ja kansainv\u00e4lisen oikeuden toteutumisesta L\u00e4hi-id\u00e4ss\u00e4. Haluamme edesauttaa tietopohjaisen ja rakentavan keskustelun k\u00e4ymist\u00e4 L\u00e4hi-id\u00e4n ihmisoikeustilanteesta ja luoda yhteytt\u00e4 aiheesta kiinnostuneiden nuorten aikuisten ja asiantuntijoiden v\u00e4lille. YAPS:n perustana on siihen osallistuvien tahto ja valmius perehty\u00e4 aiheisiin syv\u00e4llisesti sek\u00e4 arvioida kriittisesti eri l\u00e4hteist\u00e4 saatua tietoa. L\u00e4hi-id\u00e4n ihmisoikeusongelmista puhuttaessa Israel tulee mainituksi suhteettoman usein, jolloin kokonaiskuva alueen tilanteesta j\u00e4\u00e4 vajaaksi. Toisaalta,&#8230;<\/p>","protected":false},"author":3,"featured_media":0,"parent":0,"menu_order":0,"comment_status":"closed","ping_status":"closed","template":"","meta":{"footnotes":""},"class_list":["post-729","page","type-page","status-publish","hentry"],"_links":{"self":[{"href":"https:\/\/www.yaps.fi\/en\/wp-json\/wp\/v2\/pages\/729","targetHints":{"allow":["GET"]}}],"collection":[{"href":"https:\/\/www.yaps.fi\/en\/wp-json\/wp\/v2\/pages"}],"about":[{"href":"https:\/\/www.yaps.fi\/en\/wp-json\/wp\/v2\/types\/page"}],"author":[{"embeddable":true,"href":"https:\/\/www.yaps.fi\/en\/wp-json\/wp\/v2\/users\/3"}],"replies":[{"embeddable":true,"href":"https:\/\/www.yaps.fi\/en\/wp-json\/wp\/v2\/comments?post=729"}],"version-history":[{"count":1,"href":"https:\/\/www.yaps.fi\/en\/wp-json\/wp\/v2\/pages\/729\/revisions"}],"predecessor-version":[{"id":730,"href":"https:\/\/www.yaps.fi\/en\/wp-json\/wp\/v2\/pages\/729\/revisions\/730"}],"wp:attachment":[{"href":"https:\/\/www.yaps.fi\/en\/wp-json\/wp\/v2\/media?parent=729"}],"curies":[{"name":"wp","href":"https:\/\/api.w.org\/{rel}","templated":true}]}}